{"id":42162,"date":"2022-11-27T11:15:53","date_gmt":"2022-11-27T03:15:53","guid":{"rendered":"https:\/\/ocean-sun.com\/booking\/check-your-booking\/"},"modified":"2025-05-06T09:18:56","modified_gmt":"2025-05-06T01:18:56","slug":"check-your-booking","status":"publish","type":"page","link":"https:\/\/ocean-sun.com\/fr\/booking\/check-your-booking\/","title":{"rendered":"V\u00e9rifiez votre r\u00e9servation"},"content":{"rendered":"\t\t<div data-elementor-type=\"wp-page\" data-elementor-id=\"42162\" class=\"elementor elementor-42162 elementor-17799\" data-elementor-post-type=\"page\">\n\t\t\t\t\t\t<section class=\"elementor-section elementor-top-section elementor-element elementor-element-aeeefb7 elementor-section-full_width elementor-section-height-min-height elementor-section-height-default elementor-section-items-middle\" data-id=\"aeeefb7\" data-element_type=\"section\" data-e-type=\"section\">\n\t\t\t\t\t\t<div class=\"elementor-container elementor-column-gap-no\">\n\t\t\t\t\t<div class=\"elementor-column elementor-col-100 elementor-top-column elementor-element elementor-element-41a19ba\" data-id=\"41a19ba\" data-element_type=\"column\" data-e-type=\"column\">\n\t\t\t<div class=\"elementor-widget-wrap elementor-element-populated\">\n\t\t\t\t\t\t<div class=\"elementor-element elementor-element-3658013 elementor-widget elementor-widget-html\" data-id=\"3658013\" data-element_type=\"widget\" data-e-type=\"widget\" id=\"view-booking\" data-widget_type=\"html.default\">\n\t\t\t\t<div class=\"elementor-widget-container\">\n\t\t\t\t\t<div>\n\n\n\n    <meta charset=\"utf-8\">\n    <link rel=\"apple-touch-icon\" sizes=\"76x76\" href=\"https:\/\/my-booking.info\/img\/apple-icon.png\">\n    <link rel=\"icon\" type=\"image\/png\" sizes=\"96x96\" href=\"https:\/\/my-booking.info\/img\/favicon.png\">\n    <meta http-equiv=\"X-UA-Compatible\" content=\"IE=edge,chrome=1\">\n\n    <title>V\u00e9rifiez votre r\u00e9servation<\/title>\n\n    <meta content=\"width=device-width, initial-scale=1.0, maximum-scale=1.0, user-scalable=0\" name=\"viewport\">\n    <meta name=\"viewport\" content=\"width=device-width\">\n\n    <!-- Bootstrap core CSS -->\n    <link href=\"https:\/\/my-booking.info\/css\/bootstrap.min.css\" rel=\"stylesheet\">\n\n    <!-- Dashboard core CSS -->\n    <link href=\"https:\/\/my-booking.info\/css\/paper-dashboard.css\" rel=\"stylesheet\">\n\n    <link rel=\"stylesheet\" href=\"https:\/\/my-booking.info\/css\/grid.css\">\n\n    <!-- Fonts and icons -->\n    <link href=\"https:\/\/fonts.googleapis.com\/css?family=Muli:400,300\" rel=\"stylesheet\" type=\"text\/css\">\n\n    <!-- Language selector CSS -->\n    <link href=\"https:\/\/my-booking.info\/css\/selector.css\" rel=\"stylesheet\">\n    \n    <link href=\"https:\/\/my-booking.info\/css\/validator.css\" rel=\"stylesheet\">\n    \n    <!-- Custom colors CSS -->\n        \n    \n   \n\n    \n\n\n\n        <!-- <\/div> -->\n\n            <div class=\"container\">\n        <div class=\"row\">\n            <div class=\"col-md-6 col-md-offset-3\">\n                <div class=\"panel panel-default\">\n                    <div class=\"panel-body\">\n                        <form id=\"loginForm\" class=\"form-horizontal login-form\" role=\"form\" method=\"POST\" action=\"https:\/\/my-booking.info\/login\">\n                            <input type=\"hidden\" name=\"_token\" value=\"IIp4DL5RTJXMjIqTHzKWRosyeGNGIE1rFzm6GuSx\">\n\n                            <input type=\"hidden\" name=\"language\" value=\"fr\">\n\n                            <h1>V\u00e9rifiez votre r\u00e9servation<\/h1>\n\n                            <div class=\"form-group\">\n                                <label for=\"email\" class=\"col-md-4 control-label\">Adresse \u00e9lectronique<\/label>\n\n                                <div class=\"col-md-7\">\n                                    <!-- <input id=\"email\" type=\"email\" class=\"form-control\" name=\"email\" value=\"sdas@ysgdu.com\" required autofocus> -->\n                                    <input id=\"email\" class=\"form-control\" name=\"email\" value=\"\">\n\n                                    <span id=\"tooltip1\" class=\"validator\">Remplissez ce champ.<\/span>\n                                    <span id=\"tooltip2\" class=\"validator\">Adresse e-mail incompl\u00e8te. Ajoutez '@' \u00e0 l'adresse e-mail. <\/span>\n                                    <span id=\"tooltip3\" class=\"validator\">Adresse \u00e9lectronique incompl\u00e8te.<\/span>\n                                                                    <\/div>\n                            <\/div>\n\n                            <div class=\"form-group form-mb-20\">\n                                <label for=\"bookId\" class=\"col-md-4 control-label\">Num\u00e9ro de r\u00e9servation<\/label>\n\n                                <div class=\"col-md-7\">\n                                    <input id=\"bookId\" type=\"text\" class=\"form-control\" name=\"bookId\" value=\"\">\n\n                                    <span id=\"tooltip4\" class=\"validator\">Remplissez ce champ.<\/span>\n                                                                    <\/div>\n                            <\/div>\n\n                            <input id=\"loginLanguage\" type=\"hidden\" name=\"loginLanguage\" value=\"de\" required=\"\">\n\n                            \n                            <div class=\"form-group form-mb-20\">\n                                <div class=\"col-md-7 col-md-offset-4\">\n                                    <button type=\"submit\" class=\"btn btn-primary\">\n  Connexion\n                                    <\/button>\n                                <\/div>\n                            <\/div>\n                        <\/form>\n                    <\/div>\n                <\/div>\n            <\/div>\n        <\/div>\n    <\/div>\n\n<!-- <script> -->\n    <!-- \/\/ jQuery.validator.setDefaults({ -->\n    <!-- \/\/ debug: TRUE, -->\n    <!-- \/\/ success: \"valid\" -->\n    <!-- \/\/ }); -->\n    <!-- \/\/ $(\"#loginForm\").validate({ -->\n    <!-- \/\/ rules: { -->\n    <!-- \/\/ field: { -->\n    <!-- \/\/ required: TRUE, -->\n    <!-- \/\/ email: TRUE -->\n    <!-- \/\/ } -->\n    <!-- \/\/ } -->\n    <!-- \/\/ }); -->\n    <!-- \/\/ $('#email').change(function() { -->\n    <!-- \/\/ alert(\"Something happened!\"); -->\n    <!-- \/\/ }); -->\n<!-- <\/script> -->\n\n        <footer class=\"text-center\">\n                <div class=\"copyright\">\n  \u00a9  <script>document.write(new Date().getFullYear())<\/script>\n                <\/div>\n        <\/footer>\n\n<\/div>\n\n\n\n\n<!-- Core JS Files -->\n<script src=\"https:\/\/my-booking.info\/js\/jquery-1.10.2.js\" type=\"text\/javascript\"><\/script>\n<script src=\"https:\/\/my-booking.info\/js\/bootstrap.min.js\" type=\"text\/javascript\"><\/script>\n\n<!-- Checkbox, Radio & Switch Plugins -->\n<script src=\"https:\/\/my-booking.info\/js\/bootstrap-checkbox-radio.js\"><\/script>\n\n<script src=\"https:\/\/my-booking.info\/js\/validator.js\"><\/script>\n\n\n\n<\/div>\t\t\t\t<\/div>\n\t\t\t\t<\/div>\n\t\t\t\t\t<\/div>\n\t\t<\/div>\n\t\t\t\t\t<\/div>\n\t\t<\/section>\n\t\t\t\t<\/div>\n\t\t","protected":false},"excerpt":{"rendered":"<p>V\u00e9rifiez votre r\u00e9servation V\u00e9rifiez votre r\u00e9servation Adresse \u00e9lectronique Remplissez ce champ. Adresse e-mail incompl\u00e8te. Ajoutez &lsquo;@&rsquo; \u00e0 l&rsquo;adresse e-mail. Adresse \u00e9lectronique incompl\u00e8te. Num\u00e9ro de r\u00e9servation Remplissez ce champ. Connexion \u00a9<\/p>\n","protected":false},"author":5,"featured_media":0,"parent":41602,"menu_order":0,"comment_status":"closed","ping_status":"closed","template":"elementor_header_footer","meta":{"footnotes":""},"class_list":["post-42162","page","type-page","status-publish","hentry"],"_links":{"self":[{"href":"https:\/\/ocean-sun.com\/fr\/wp-json\/wp\/v2\/pages\/42162","targetHints":{"allow":["GET"]}}],"collection":[{"href":"https:\/\/ocean-sun.com\/fr\/wp-json\/wp\/v2\/pages"}],"about":[{"href":"https:\/\/ocean-sun.com\/fr\/wp-json\/wp\/v2\/types\/page"}],"author":[{"embeddable":true,"href":"https:\/\/ocean-sun.com\/fr\/wp-json\/wp\/v2\/users\/5"}],"replies":[{"embeddable":true,"href":"https:\/\/ocean-sun.com\/fr\/wp-json\/wp\/v2\/comments?post=42162"}],"version-history":[{"count":0,"href":"https:\/\/ocean-sun.com\/fr\/wp-json\/wp\/v2\/pages\/42162\/revisions"}],"up":[{"embeddable":true,"href":"https:\/\/ocean-sun.com\/fr\/wp-json\/wp\/v2\/pages\/41602"}],"wp:attachment":[{"href":"https:\/\/ocean-sun.com\/fr\/wp-json\/wp\/v2\/media?parent=42162"}],"curies":[{"name":"wp","href":"https:\/\/api.w.org\/{rel}","templated":true}]}}