{"id":42100,"date":"2023-01-06T13:24:24","date_gmt":"2023-01-06T05:24:24","guid":{"rendered":"https:\/\/ocean-sun.com\/candidasa\/"},"modified":"2025-05-06T11:25:22","modified_gmt":"2025-05-06T03:25:22","slug":"candidasa","status":"publish","type":"page","link":"https:\/\/ocean-sun.com\/fr\/plongee-a-bali\/zone-de-plongee\/candidasa\/","title":{"rendered":"Candi Dasa"},"content":{"rendered":"\t\t<div data-elementor-type=\"wp-page\" data-elementor-id=\"42100\" class=\"elementor elementor-42100 elementor-17277\" data-elementor-post-type=\"page\">\n\t\t\t\t\t\t<section class=\"elementor-section elementor-top-section elementor-element elementor-element-e930a8c elementor-section-boxed elementor-section-height-default elementor-section-height-default\" data-id=\"e930a8c\" data-element_type=\"section\" data-e-type=\"section\" data-settings=\"{&quot;background_background&quot;:&quot;classic&quot;}\">\n\t\t\t\t\t\t\t<div class=\"elementor-background-overlay\"><\/div>\n\t\t\t\t\t\t\t<div class=\"elementor-container elementor-column-gap-default\">\n\t\t\t\t\t<div class=\"elementor-column elementor-col-100 elementor-top-column elementor-element elementor-element-aa2fadd\" data-id=\"aa2fadd\" data-element_type=\"column\" data-e-type=\"column\">\n\t\t\t<div class=\"elementor-widget-wrap elementor-element-populated\">\n\t\t\t\t\t\t<div class=\"elementor-element elementor-element-52c5342 elementor-widget elementor-widget-uael-google-map\" data-id=\"52c5342\" data-element_type=\"widget\" data-e-type=\"widget\" data-settings=\"{&quot;advance_marker&quot;:&quot;no&quot;,&quot;option_streeview&quot;:&quot;yes&quot;,&quot;type_control&quot;:&quot;yes&quot;,&quot;zoom_control&quot;:&quot;yes&quot;,&quot;fullscreen_control&quot;:&quot;yes&quot;}\" data-widget_type=\"uael-google-map.default\">\n\t\t\t\t<div class=\"elementor-widget-container\">\n\t\t\t\t\t\t\t<div class=\"uael-google-map-wrap\">\n\t\t\t<div id=\"uael-google-map-52c5342\" class=\"uael-google-map\" data-map_options=\"{&quot;zoom&quot;:13,&quot;mapTypeId&quot;:&quot;roadmap&quot;,&quot;mapTypeControl&quot;:true,&quot;streetViewControl&quot;:true,&quot;zoomControl&quot;:true,&quot;fullscreenControl&quot;:true,&quot;gestureHandling&quot;:true}\" data-cluster=\"no\" data-cluster-attr=\"[]\" data-max-width=\"250\" data-locations=\"[[&quot;-8.528139&quot;,&quot;115.574268&quot;,true,&quot;Mimpang&quot;,&quot;Site de plong\\u00e9e intense avec un monde sous-marin changeant et la possibilit\\u00e9 de voir des poissons-lunes.\\n&quot;,&quot;custom&quot;,&quot;https:\\\/\\\/final.ocean-sun.com\\\/wp-content\\\/uploads\\\/2023\\\/01\\\/mimpang-new.png&quot;,90,&quot;&quot;],[&quot;-8.511345&quot;,&quot;115.620565&quot;,true,&quot;Gili Biaha&quot;,&quot;Site de plong\\u00e9e difficile pour les plongeurs exp\\u00e9riment\\u00e9s, avec la possibilit\\u00e9 de voir des requins de r\\u00e9cif dans une grotte sous-marine.  &quot;,&quot;custom&quot;,&quot;https:\\\/\\\/final.ocean-sun.com\\\/wp-content\\\/uploads\\\/2023\\\/01\\\/gili-biaha.png&quot;,90,&quot;&quot;],[&quot;-8.531690&quot;,&quot;115.594146&quot;,true,&quot;Tepekong&quot;,&quot;La plus grande \\u00eele au large de Candi Dasa offre aux plongeurs exp\\u00e9riment\\u00e9s de nombreux coraux, des travers\\u00e9es \\u00e0 la nage et la possibilit\\u00e9 d&#039;observer des poissons-lunes.&quot;,&quot;custom&quot;,&quot;https:\\\/\\\/final.ocean-sun.com\\\/wp-content\\\/uploads\\\/2023\\\/01\\\/tepekong-new.png&quot;,90,&quot;&quot;],[&quot; -8.510735&quot;,&quot;115.523238&quot;,true,&quot;Jet\\u00e9e&quot;,&quot;Site de plong\\u00e9e tr\\u00e8s populaire aupr\\u00e8s des photographes, avec une grande biodiversit\\u00e9 dans la zone macro.\\n&quot;,&quot;custom&quot;,&quot;https:\\\/\\\/final.ocean-sun.com\\\/wp-content\\\/uploads\\\/2023\\\/01\\\/new-jetty.png&quot;,90,&quot;&quot;],[&quot;-8.519067&quot;,&quot;115.514532&quot;,true,&quot;Jepun&quot;,&quot;Un site de plong\\u00e9e vari\\u00e9 avec des r\\u00e9cifs artificiels et coralliens, une petite \\u00e9pave, des requins de r\\u00e9cif et un sous-marin pour les touristes.&quot;,&quot;custom&quot;,&quot;https:\\\/\\\/final.ocean-sun.com\\\/wp-content\\\/uploads\\\/2023\\\/01\\\/new-jepun.png&quot;,90,&quot;&quot;]]\" data-animate=\"drop\" data-auto-center=\"moderate\" data-map-id=\"\" data-advance-marker=\"no\" data-predefined-style=\"aqua\"><\/div>\n\t\t<\/div>\n\t\t\t\t\t\t<\/div>\n\t\t\t\t<\/div>\n\t\t\t\t<div class=\"elementor-element elementor-element-250117b elementor-widget elementor-widget-heading\" data-id=\"250117b\" data-element_type=\"widget\" data-e-type=\"widget\" data-settings=\"{&quot;_animation&quot;:&quot;none&quot;}\" data-widget_type=\"heading.default\">\n\t\t\t\t<div class=\"elementor-widget-container\">\n\t\t\t\t\t<h2 class=\"elementor-heading-title elementor-size-default\">Sites de plong\u00e9e Candi Dasa\n<\/h2>\t\t\t\t<\/div>\n\t\t\t\t<\/div>\n\t\t\t\t<div class=\"elementor-element elementor-element-5fdb5ee elementor-widget elementor-widget-gallery\" data-id=\"5fdb5ee\" data-element_type=\"widget\" data-e-type=\"widget\" data-settings=\"{&quot;gap&quot;:{&quot;unit&quot;:&quot;px&quot;,&quot;size&quot;:5,&quot;sizes&quot;:[]},&quot;overlay_title&quot;:&quot;caption&quot;,&quot;image_hover_animation&quot;:&quot;grow&quot;,&quot;columns_laptop&quot;:5,&quot;columns_tablet_extra&quot;:5,&quot;columns_tablet&quot;:3,&quot;columns_mobile&quot;:3,&quot;gap_mobile&quot;:{&quot;unit&quot;:&quot;px&quot;,&quot;size&quot;:5,&quot;sizes&quot;:[]},&quot;aspect_ratio&quot;:&quot;1:1&quot;,&quot;columns&quot;:5,&quot;lazyload&quot;:&quot;yes&quot;,&quot;gallery_layout&quot;:&quot;grid&quot;,&quot;gap_widescreen&quot;:{&quot;unit&quot;:&quot;px&quot;,&quot;size&quot;:&quot;&quot;,&quot;sizes&quot;:[]},&quot;gap_laptop&quot;:{&quot;unit&quot;:&quot;px&quot;,&quot;size&quot;:10,&quot;sizes&quot;:[]},&quot;gap_tablet_extra&quot;:{&quot;unit&quot;:&quot;px&quot;,&quot;size&quot;:10,&quot;sizes&quot;:[]},&quot;gap_tablet&quot;:{&quot;unit&quot;:&quot;px&quot;,&quot;size&quot;:10,&quot;sizes&quot;:[]},&quot;gap_mobile_extra&quot;:{&quot;unit&quot;:&quot;px&quot;,&quot;size&quot;:10,&quot;sizes&quot;:[]},&quot;link_to&quot;:&quot;file&quot;,&quot;overlay_background&quot;:&quot;yes&quot;,&quot;content_hover_animation&quot;:&quot;fade-in&quot;}\" data-widget_type=\"gallery.default\">\n\t\t\t\t<div class=\"elementor-widget-container\">\n\t\t\t\t\t\t\t<div class=\"elementor-gallery__container\">\n\t\t\t\t\t\t\t<a class=\"e-gallery-item elementor-gallery-item elementor-animated-content\" href=\"https:\/\/ocean-sun.com\/wp-content\/uploads\/2023\/01\/mola-mimpang.webp\" data-elementor-open-lightbox=\"yes\" data-elementor-lightbox-slideshow=\"5fdb5ee\" data-elementor-lightbox-description=\"Le poisson lune est plus souvent observ\u00e9 sur les sites de plong\u00e9e de Bali entre septembre et novembre.\" data-e-action-hash=\"#elementor-action%3Aaction%3Dlightbox%26settings%3DeyJpZCI6NDIxMDUsInVybCI6Imh0dHBzOlwvXC9vY2Vhbi1zdW4uY29tXC93cC1jb250ZW50XC91cGxvYWRzXC8yMDIzXC8wMVwvbW9sYS1taW1wYW5nLndlYnAiLCJzbGlkZXNob3ciOiI1ZmRiNWVlIn0%3D\">\n\t\t\t\t\t<div class=\"e-gallery-image elementor-gallery-item__image\" data-thumbnail=\"https:\/\/ocean-sun.com\/wp-content\/uploads\/2023\/01\/mola-mimpang.webp\" data-width=\"1280\" data-height=\"960\" aria-label=\"Plong\u00e9e au Mola Mola \u00e0 Candi Dasa \u00e0 Bali\" role=\"img\" ><\/div>\n\t\t\t\t\t\t\t\t\t\t\t<div class=\"elementor-gallery-item__overlay\"><\/div>\n\t\t\t\t\t\t\t\t\t\t\t\t\t\t\t<div class=\"elementor-gallery-item__content\">\n\t\t\t\t\t\t\t\t\t\t\t\t\t\t<div class=\"elementor-gallery-item__title\">\n\t\t\t\t\t\t\t\t\t\t\t\t\t\t\t\t\t\tPoisson-lune au petit groupe d'\u00eeles Mimpang \u00e0 Candi dasa sur Bali\t\t\t\t\t\t\t\t<\/div>\n\t\t\t\t\t\t\t\t\t\t\t\t<\/div>\n\t\t\t\t\t\t\t\t\t<\/a>\n\t\t\t\t\t\t\t<a class=\"e-gallery-item elementor-gallery-item elementor-animated-content\" href=\"https:\/\/ocean-sun.com\/wp-content\/uploads\/2023\/01\/nudi-biaha.webp\" data-elementor-open-lightbox=\"yes\" data-elementor-lightbox-slideshow=\"5fdb5ee\" data-e-action-hash=\"#elementor-action%3Aaction%3Dlightbox%26settings%3DeyJpZCI6NDIxMjUsInVybCI6Imh0dHBzOlwvXC9vY2Vhbi1zdW4uY29tXC93cC1jb250ZW50XC91cGxvYWRzXC8yMDIzXC8wMVwvbnVkaS1iaWFoYS53ZWJwIiwic2xpZGVzaG93IjoiNWZkYjVlZSJ9\">\n\t\t\t\t\t<div class=\"e-gallery-image elementor-gallery-item__image\" data-thumbnail=\"https:\/\/ocean-sun.com\/wp-content\/uploads\/2023\/01\/nudi-biaha.webp\" data-width=\"1280\" data-height=\"1280\" aria-label=\"Nudibranche Biaha Wall\" role=\"img\" ><\/div>\n\t\t\t\t\t\t\t\t\t\t\t<div class=\"elementor-gallery-item__overlay\"><\/div>\n\t\t\t\t\t\t\t\t\t\t\t\t\t\t\t<div class=\"elementor-gallery-item__content\">\n\t\t\t\t\t\t\t\t\t\t\t\t\t\t<div class=\"elementor-gallery-item__title\">\n\t\t\t\t\t\t\t\t\t\t\t\t\t\t\t\t\t\tNudi Biaha\t\t\t\t\t\t\t\t<\/div>\n\t\t\t\t\t\t\t\t\t\t\t\t<\/div>\n\t\t\t\t\t\t\t\t\t<\/a>\n\t\t\t\t\t\t\t<a class=\"e-gallery-item elementor-gallery-item elementor-animated-content\" href=\"https:\/\/ocean-sun.com\/wp-content\/uploads\/2023\/01\/IMG_20190817_075734_425.webp\" data-elementor-open-lightbox=\"yes\" data-elementor-lightbox-slideshow=\"5fdb5ee\" data-elementor-lightbox-description=\"Les poissons-grenouilles sont des sujets tr\u00e8s populaires aupr\u00e8s des photographes sous-marins, en particulier lorsqu&#039;ils sont en mouvement.\" data-e-action-hash=\"#elementor-action%3Aaction%3Dlightbox%26settings%3DeyJpZCI6NDIxMjksInVybCI6Imh0dHBzOlwvXC9vY2Vhbi1zdW4uY29tXC93cC1jb250ZW50XC91cGxvYWRzXC8yMDIzXC8wMVwvSU1HXzIwMTkwODE3XzA3NTczNF80MjUud2VicCIsInNsaWRlc2hvdyI6IjVmZGI1ZWUifQ%3D%3D\">\n\t\t\t\t\t<div class=\"e-gallery-image elementor-gallery-item__image\" data-thumbnail=\"https:\/\/ocean-sun.com\/wp-content\/uploads\/2023\/01\/IMG_20190817_075734_425.webp\" data-width=\"1280\" data-height=\"1280\" aria-label=\"poisson-ange nageur \u00e0 la jet\u00e9e Candi Dasa\" role=\"img\" ><\/div>\n\t\t\t\t\t\t\t\t\t\t\t<div class=\"elementor-gallery-item__overlay\"><\/div>\n\t\t\t\t\t\t\t\t\t\t\t\t\t\t\t<div class=\"elementor-gallery-item__content\">\n\t\t\t\t\t\t\t\t\t\t\t\t\t\t<div class=\"elementor-gallery-item__title\">\n\t\t\t\t\t\t\t\t\t\t\t\t\t\t\t\t\t\tJet\u00e9e du poisson grenouille\t\t\t\t\t\t\t\t<\/div>\n\t\t\t\t\t\t\t\t\t\t\t\t<\/div>\n\t\t\t\t\t\t\t\t\t<\/a>\n\t\t\t\t\t\t\t<a class=\"e-gallery-item elementor-gallery-item elementor-animated-content\" href=\"https:\/\/ocean-sun.com\/wp-content\/uploads\/2023\/01\/frogfish-jepun.webp\" data-elementor-open-lightbox=\"yes\" data-elementor-lightbox-slideshow=\"5fdb5ee\" data-elementor-lightbox-description=\"Les poissons-grenouilles g\u00e9ants peuvent atteindre 20 cm et sont pr\u00e9sents dans certains endroits de Bali.\" data-e-action-hash=\"#elementor-action%3Aaction%3Dlightbox%26settings%3DeyJpZCI6NDIxMzMsInVybCI6Imh0dHBzOlwvXC9vY2Vhbi1zdW4uY29tXC93cC1jb250ZW50XC91cGxvYWRzXC8yMDIzXC8wMVwvZnJvZ2Zpc2gtamVwdW4ud2VicCIsInNsaWRlc2hvdyI6IjVmZGI1ZWUifQ%3D%3D\">\n\t\t\t\t\t<div class=\"e-gallery-image elementor-gallery-item__image\" data-thumbnail=\"https:\/\/ocean-sun.com\/wp-content\/uploads\/2023\/01\/frogfish-jepun.webp\" data-width=\"1280\" data-height=\"1280\" aria-label=\"Photo en gros plan d&#039;un poisson-grenouille g\u00e9ant d\u00e9couvert lors d&#039;une plong\u00e9e \u00e0 Bali\" role=\"img\" ><\/div>\n\t\t\t\t\t\t\t\t\t\t\t<div class=\"elementor-gallery-item__overlay\"><\/div>\n\t\t\t\t\t\t\t\t\t\t\t\t\t\t\t<div class=\"elementor-gallery-item__content\">\n\t\t\t\t\t\t\t\t\t\t\t\t\t\t<div class=\"elementor-gallery-item__title\">\n\t\t\t\t\t\t\t\t\t\t\t\t\t\t\t\t\t\tUn poisson grenouille g\u00e9ant photographi\u00e9 \u00e0 Hetty, sur l'\u00eele de Bali\t\t\t\t\t\t\t\t<\/div>\n\t\t\t\t\t\t\t\t\t\t\t\t<\/div>\n\t\t\t\t\t\t\t\t\t<\/a>\n\t\t\t\t\t\t\t<a class=\"e-gallery-item elementor-gallery-item elementor-animated-content\" href=\"https:\/\/ocean-sun.com\/wp-content\/uploads\/2023\/01\/octopus-tepekong.webp\" data-elementor-open-lightbox=\"yes\" data-elementor-lightbox-slideshow=\"5fdb5ee\" data-elementor-lightbox-description=\"Poulpe Tepekong\" data-e-action-hash=\"#elementor-action%3Aaction%3Dlightbox%26settings%3DeyJpZCI6NDIxMTcsInVybCI6Imh0dHBzOlwvXC9vY2Vhbi1zdW4uY29tXC93cC1jb250ZW50XC91cGxvYWRzXC8yMDIzXC8wMVwvb2N0b3B1cy10ZXBla29uZy53ZWJwIiwic2xpZGVzaG93IjoiNWZkYjVlZSJ9\">\n\t\t\t\t\t<div class=\"e-gallery-image elementor-gallery-item__image\" data-thumbnail=\"https:\/\/ocean-sun.com\/wp-content\/uploads\/2023\/01\/octopus-tepekong.webp\" data-width=\"1280\" data-height=\"960\" aria-label=\"Gros plan sur la pieuvre\" role=\"img\" ><\/div>\n\t\t\t\t\t\t\t\t\t\t\t<div class=\"elementor-gallery-item__overlay\"><\/div>\n\t\t\t\t\t\t\t\t\t\t\t\t\t\t\t<div class=\"elementor-gallery-item__content\">\n\t\t\t\t\t\t\t\t\t\t\t\t\t\t<div class=\"elementor-gallery-item__title\">\n\t\t\t\t\t\t\t\t\t\t\t\t\t\t\t\t\t\tPoulpe Tepekong\t\t\t\t\t\t\t\t<\/div>\n\t\t\t\t\t\t\t\t\t\t\t\t<\/div>\n\t\t\t\t\t\t\t\t\t<\/a>\n\t\t\t\t\t\t\t<a class=\"e-gallery-item elementor-gallery-item elementor-animated-content\" href=\"https:\/\/ocean-sun.com\/wp-content\/uploads\/2023\/01\/nudi-jetty.webp\" data-elementor-open-lightbox=\"yes\" data-elementor-lightbox-slideshow=\"5fdb5ee\" data-e-action-hash=\"#elementor-action%3Aaction%3Dlightbox%26settings%3DeyJpZCI6NDIxMjEsInVybCI6Imh0dHBzOlwvXC9vY2Vhbi1zdW4uY29tXC93cC1jb250ZW50XC91cGxvYWRzXC8yMDIzXC8wMVwvbnVkaS1qZXR0eS53ZWJwIiwic2xpZGVzaG93IjoiNWZkYjVlZSJ9\">\n\t\t\t\t\t<div class=\"e-gallery-image elementor-gallery-item__image\" data-thumbnail=\"https:\/\/ocean-sun.com\/wp-content\/uploads\/2023\/01\/nudi-jetty.webp\" data-width=\"1280\" data-height=\"1280\" aria-label=\"Nudibranche color\u00e9 Candi dasa\" role=\"img\" ><\/div>\n\t\t\t\t\t\t\t\t\t\t\t<div class=\"elementor-gallery-item__overlay\"><\/div>\n\t\t\t\t\t\t\t\t\t\t\t\t\t\t\t<div class=\"elementor-gallery-item__content\">\n\t\t\t\t\t\t\t\t\t\t\t\t\t\t<div class=\"elementor-gallery-item__title\">\n\t\t\t\t\t\t\t\t\t\t\t\t\t\t\t\t\t\tJet\u00e9e de Nudi\t\t\t\t\t\t\t\t<\/div>\n\t\t\t\t\t\t\t\t\t\t\t\t<\/div>\n\t\t\t\t\t\t\t\t\t<\/a>\n\t\t\t\t\t\t\t<a class=\"e-gallery-item elementor-gallery-item elementor-animated-content\" href=\"https:\/\/ocean-sun.com\/wp-content\/uploads\/2023\/01\/feilenfisch-mimpang.webp\" data-elementor-open-lightbox=\"yes\" data-elementor-lightbox-slideshow=\"5fdb5ee\" data-elementor-lightbox-description=\"Les limules sont \u00e9troitement li\u00e9s aux balistes, mais ils peuvent changer de couleur rapidement.\" data-e-action-hash=\"#elementor-action%3Aaction%3Dlightbox%26settings%3DeyJpZCI6NDIxMzcsInVybCI6Imh0dHBzOlwvXC9vY2Vhbi1zdW4uY29tXC93cC1jb250ZW50XC91cGxvYWRzXC8yMDIzXC8wMVwvZmVpbGVuZmlzY2gtbWltcGFuZy53ZWJwIiwic2xpZGVzaG93IjoiNWZkYjVlZSJ9\">\n\t\t\t\t\t<div class=\"e-gallery-image elementor-gallery-item__image\" data-thumbnail=\"https:\/\/ocean-sun.com\/wp-content\/uploads\/2023\/01\/feilenfisch-mimpang.webp\" data-width=\"1280\" data-height=\"1280\" aria-label=\"Filet de poisson \u00e0 la jet\u00e9e de Candi Dasa\" role=\"img\" ><\/div>\n\t\t\t\t\t\t\t\t\t\t\t<div class=\"elementor-gallery-item__overlay\"><\/div>\n\t\t\t\t\t\t\t\t\t\t\t\t\t\t\t<div class=\"elementor-gallery-item__content\">\n\t\t\t\t\t\t\t\t\t\t\t\t\t\t<div class=\"elementor-gallery-item__title\">\n\t\t\t\t\t\t\t\t\t\t\t\t\t\t\t\t\t\tPoisson-lime sur le site de plong\u00e9e de Mimpang \u00e0 Bali\t\t\t\t\t\t\t\t<\/div>\n\t\t\t\t\t\t\t\t\t\t\t\t<\/div>\n\t\t\t\t\t\t\t\t\t<\/a>\n\t\t\t\t\t\t\t<a class=\"e-gallery-item elementor-gallery-item elementor-animated-content\" href=\"https:\/\/ocean-sun.com\/wp-content\/uploads\/2023\/01\/reefshark-jepun.webp\" data-elementor-open-lightbox=\"yes\" data-elementor-lightbox-slideshow=\"5fdb5ee\" data-elementor-lightbox-description=\"Les requins de r\u00e9cif peuvent \u00eatre observ\u00e9s aux bons endroits sur les sites de plong\u00e9e de Bali. Ils sont plut\u00f4t timides et inoffensifs. \" data-e-action-hash=\"#elementor-action%3Aaction%3Dlightbox%26settings%3DeyJpZCI6NDIxMTMsInVybCI6Imh0dHBzOlwvXC9vY2Vhbi1zdW4uY29tXC93cC1jb250ZW50XC91cGxvYWRzXC8yMDIzXC8wMVwvcmVlZnNoYXJrLWplcHVuLndlYnAiLCJzbGlkZXNob3ciOiI1ZmRiNWVlIn0%3D\">\n\t\t\t\t\t<div class=\"e-gallery-image elementor-gallery-item__image\" data-thumbnail=\"https:\/\/ocean-sun.com\/wp-content\/uploads\/2023\/01\/reefshark-jepun.webp\" data-width=\"1280\" data-height=\"960\" aria-label=\"Requins de r\u00e9cif sur le site de plong\u00e9e Jepung pr\u00e8s de Padang bai \u00e0 Bali\" role=\"img\" ><\/div>\n\t\t\t\t\t\t\t\t\t\t\t<div class=\"elementor-gallery-item__overlay\"><\/div>\n\t\t\t\t\t\t\t\t\t\t\t\t\t\t\t<div class=\"elementor-gallery-item__content\">\n\t\t\t\t\t\t\t\t\t\t\t\t\t\t<div class=\"elementor-gallery-item__title\">\n\t\t\t\t\t\t\t\t\t\t\t\t\t\t\t\t\t\tLes requins de r\u00e9cif se cachent sous le r\u00e9cif artificiel\t\t\t\t\t\t\t\t<\/div>\n\t\t\t\t\t\t\t\t\t\t\t\t<\/div>\n\t\t\t\t\t\t\t\t\t<\/a>\n\t\t\t\t\t\t\t<a class=\"e-gallery-item elementor-gallery-item elementor-animated-content\" href=\"https:\/\/ocean-sun.com\/wp-content\/uploads\/2023\/01\/sepia-jetty.webp\" data-elementor-open-lightbox=\"yes\" data-elementor-lightbox-slideshow=\"5fdb5ee\" data-elementor-lightbox-description=\"Sepia est un genre de pieuvre de la famille des Sepiidae, que l&#039;on voit souvent sur les sites de plong\u00e9e de Bali.\" data-e-action-hash=\"#elementor-action%3Aaction%3Dlightbox%26settings%3DeyJpZCI6NDIxMDksInVybCI6Imh0dHBzOlwvXC9vY2Vhbi1zdW4uY29tXC93cC1jb250ZW50XC91cGxvYWRzXC8yMDIzXC8wMVwvc2VwaWEtamV0dHkud2VicCIsInNsaWRlc2hvdyI6IjVmZGI1ZWUifQ%3D%3D\">\n\t\t\t\t\t<div class=\"e-gallery-image elementor-gallery-item__image\" data-thumbnail=\"https:\/\/ocean-sun.com\/wp-content\/uploads\/2023\/01\/sepia-jetty.webp\" data-width=\"1280\" data-height=\"1280\" aria-label=\"S\u00e9pia \u00e0 la jet\u00e9e de Candi Dasa \u00e0 Bali\" role=\"img\" ><\/div>\n\t\t\t\t\t\t\t\t\t\t\t<div class=\"elementor-gallery-item__overlay\"><\/div>\n\t\t\t\t\t\t\t\t\t\t\t\t\t\t\t<div class=\"elementor-gallery-item__content\">\n\t\t\t\t\t\t\t\t\t\t\t\t\t\t<div class=\"elementor-gallery-item__title\">\n\t\t\t\t\t\t\t\t\t\t\t\t\t\t\t\t\t\tS\u00e9pia observ\u00e9e sur une jet\u00e9e \u00e0 Bali\t\t\t\t\t\t\t\t<\/div>\n\t\t\t\t\t\t\t\t\t\t\t\t<\/div>\n\t\t\t\t\t\t\t\t\t<\/a>\n\t\t\t\t\t<\/div>\n\t\t\t\t\t<\/div>\n\t\t\t\t<\/div>\n\t\t\t\t\t<\/div>\n\t\t<\/div>\n\t\t\t\t\t<\/div>\n\t\t<\/section>\n\t\t\t\t<\/div>\n\t\t","protected":false},"excerpt":{"rendered":"<p>Sites de plong\u00e9e Candi Dasa Frogfisch Jetty Oktopus Tepekong Giant Frogfisch fotografiert am hetty auf Bali Feilenfisch am Tauchplatz Mimpang auf Bali Nudi Biaha Mondfisch bei der kleinen Inselgruppe Mimpang in Candi dasa auf Bali Nudi Jetty Sepia beobachtet am Jetty auf Bali Riffhaie verstecken sich unter einem k\u00fcnstlichen Riff<\/p>\n","protected":false},"author":2,"featured_media":0,"parent":42198,"menu_order":0,"comment_status":"closed","ping_status":"closed","template":"","meta":{"footnotes":""},"class_list":["post-42100","page","type-page","status-publish","hentry"],"_links":{"self":[{"href":"https:\/\/ocean-sun.com\/fr\/wp-json\/wp\/v2\/pages\/42100","targetHints":{"allow":["GET"]}}],"collection":[{"href":"https:\/\/ocean-sun.com\/fr\/wp-json\/wp\/v2\/pages"}],"about":[{"href":"https:\/\/ocean-sun.com\/fr\/wp-json\/wp\/v2\/types\/page"}],"author":[{"embeddable":true,"href":"https:\/\/ocean-sun.com\/fr\/wp-json\/wp\/v2\/users\/2"}],"replies":[{"embeddable":true,"href":"https:\/\/ocean-sun.com\/fr\/wp-json\/wp\/v2\/comments?post=42100"}],"version-history":[{"count":0,"href":"https:\/\/ocean-sun.com\/fr\/wp-json\/wp\/v2\/pages\/42100\/revisions"}],"up":[{"embeddable":true,"href":"https:\/\/ocean-sun.com\/fr\/wp-json\/wp\/v2\/pages\/42198"}],"wp:attachment":[{"href":"https:\/\/ocean-sun.com\/fr\/wp-json\/wp\/v2\/media?parent=42100"}],"curies":[{"name":"wp","href":"https:\/\/api.w.org\/{rel}","templated":true}]}}