{"id":42034,"date":"2023-01-06T13:38:46","date_gmt":"2023-01-06T05:38:46","guid":{"rendered":"https:\/\/ocean-sun.com\/penida\/"},"modified":"2025-05-06T11:25:23","modified_gmt":"2025-05-06T03:25:23","slug":"penida","status":"publish","type":"page","link":"https:\/\/ocean-sun.com\/fr\/plongee-a-bali\/zone-de-plongee\/penida\/","title":{"rendered":"Nusa Penida"},"content":{"rendered":"\t\t<div data-elementor-type=\"wp-page\" data-elementor-id=\"42034\" class=\"elementor elementor-42034 elementor-17723\" data-elementor-post-type=\"page\">\n\t\t\t\t\t\t<section class=\"elementor-section elementor-top-section elementor-element elementor-element-354b80e elementor-section-boxed elementor-section-height-default elementor-section-height-default\" data-id=\"354b80e\" data-element_type=\"section\" data-e-type=\"section\" data-settings=\"{&quot;background_background&quot;:&quot;classic&quot;}\">\n\t\t\t\t\t\t\t<div class=\"elementor-background-overlay\"><\/div>\n\t\t\t\t\t\t\t<div class=\"elementor-container elementor-column-gap-default\">\n\t\t\t\t\t<div class=\"elementor-column elementor-col-100 elementor-top-column elementor-element elementor-element-a6c781b\" data-id=\"a6c781b\" data-element_type=\"column\" data-e-type=\"column\">\n\t\t\t<div class=\"elementor-widget-wrap elementor-element-populated\">\n\t\t\t\t\t\t<div class=\"elementor-element elementor-element-834ab62 elementor-widget elementor-widget-uael-google-map\" data-id=\"834ab62\" data-element_type=\"widget\" data-e-type=\"widget\" data-settings=\"{&quot;advance_marker&quot;:&quot;no&quot;,&quot;option_streeview&quot;:&quot;yes&quot;,&quot;type_control&quot;:&quot;yes&quot;,&quot;zoom_control&quot;:&quot;yes&quot;,&quot;fullscreen_control&quot;:&quot;yes&quot;}\" data-widget_type=\"uael-google-map.default\">\n\t\t\t\t<div class=\"elementor-widget-container\">\n\t\t\t\t\t\t\t<div class=\"uael-google-map-wrap\">\n\t\t\t<div id=\"uael-google-map-834ab62\" class=\"uael-google-map\" data-map_options=\"{&quot;zoom&quot;:12,&quot;mapTypeId&quot;:&quot;roadmap&quot;,&quot;mapTypeControl&quot;:true,&quot;streetViewControl&quot;:true,&quot;zoomControl&quot;:true,&quot;fullscreenControl&quot;:true,&quot;gestureHandling&quot;:true}\" data-cluster=\"no\" data-cluster-attr=\"[]\" data-max-width=\"250\" data-locations=\"[[&quot;-8.731723&quot;,&quot;115.543832&quot;,true,&quot;Nusa Penida&quot;,&quot;Nusa Penida est c\\u00e9l\\u00e8bre pour ses raies manta et ses poissons lune. - Manta Point\\n- Crystal Bay\\n- SD\\n- Sentral\\n- Mangrove \\n&quot;,&quot;custom&quot;,&quot;https:\\\/\\\/final.ocean-sun.com\\\/wp-content\\\/uploads\\\/2023\\\/01\\\/coral-garden.png&quot;,5,&quot;&quot;],[&quot;-8.794586&quot;,&quot;115.525603&quot;,true,&quot;Point Manta&quot;,&quot;Le nom tient ses promesses. Une station de nettoyage attire les raies manta tout au long de l&#039;ann\\u00e9e. \\n\\n&quot;,&quot;custom&quot;,&quot;https:\\\/\\\/final.ocean-sun.com\\\/wp-content\\\/uploads\\\/2023\\\/01\\\/manta-point-small-black.png&quot;,100,&quot;&quot;],[&quot;-8.715948&quot;,&quot;115.463499&quot;,true,&quot;Baie de cristal&quot;,&quot;L&#039;un des sites de plong\\u00e9e les plus populaires de Nusa Penida doit sa popularit\\u00e9 \\u00e0 l&#039;observation de poissons-lunes.\\n&quot;,&quot;custom&quot;,&quot;https:\\\/\\\/final.ocean-sun.com\\\/wp-content\\\/uploads\\\/2023\\\/01\\\/crystal-bay-black.png&quot;,100,&quot;&quot;],[&quot; -8.700831&quot;,&quot;115.595628&quot;,true,&quot;SD &amp; Sentral&quot;,&quot;Une longue ligne de plage avec des r\\u00e9cifs sains permet des plong\\u00e9es d\\u00e9rivantes uniques dans de bonnes conditions.&quot;,&quot;custom&quot;,&quot;https:\\\/\\\/final.ocean-sun.com\\\/wp-content\\\/uploads\\\/2023\\\/01\\\/sentral-white.png&quot;,100,&quot;&quot;]]\" data-animate=\"drop\" data-auto-center=\"moderate\" data-map-id=\"\" data-advance-marker=\"no\" data-predefined-style=\"aqua\"><\/div>\n\t\t<\/div>\n\t\t\t\t\t\t<\/div>\n\t\t\t\t<\/div>\n\t\t\t\t<div class=\"elementor-element elementor-element-e6b7058 elementor-widget elementor-widget-heading\" data-id=\"e6b7058\" data-element_type=\"widget\" data-e-type=\"widget\" data-settings=\"{&quot;_animation&quot;:&quot;none&quot;}\" data-widget_type=\"heading.default\">\n\t\t\t\t<div class=\"elementor-widget-container\">\n\t\t\t\t\t<h2 class=\"elementor-heading-title elementor-size-default\">Sites de plong\u00e9e Nusa Penida<\/h2>\t\t\t\t<\/div>\n\t\t\t\t<\/div>\n\t\t\t\t<div class=\"elementor-element elementor-element-cfca510 elementor-widget elementor-widget-gallery\" data-id=\"cfca510\" data-element_type=\"widget\" data-e-type=\"widget\" data-settings=\"{&quot;gap&quot;:{&quot;unit&quot;:&quot;px&quot;,&quot;size&quot;:5,&quot;sizes&quot;:[]},&quot;overlay_title&quot;:&quot;caption&quot;,&quot;image_hover_animation&quot;:&quot;grow&quot;,&quot;columns_laptop&quot;:4,&quot;columns_tablet&quot;:4,&quot;columns_mobile&quot;:3,&quot;gap_mobile&quot;:{&quot;unit&quot;:&quot;px&quot;,&quot;size&quot;:5,&quot;sizes&quot;:[]},&quot;aspect_ratio&quot;:&quot;1:1&quot;,&quot;lazyload&quot;:&quot;yes&quot;,&quot;gallery_layout&quot;:&quot;grid&quot;,&quot;columns&quot;:4,&quot;gap_widescreen&quot;:{&quot;unit&quot;:&quot;px&quot;,&quot;size&quot;:&quot;&quot;,&quot;sizes&quot;:[]},&quot;gap_laptop&quot;:{&quot;unit&quot;:&quot;px&quot;,&quot;size&quot;:10,&quot;sizes&quot;:[]},&quot;gap_tablet_extra&quot;:{&quot;unit&quot;:&quot;px&quot;,&quot;size&quot;:10,&quot;sizes&quot;:[]},&quot;gap_tablet&quot;:{&quot;unit&quot;:&quot;px&quot;,&quot;size&quot;:10,&quot;sizes&quot;:[]},&quot;gap_mobile_extra&quot;:{&quot;unit&quot;:&quot;px&quot;,&quot;size&quot;:10,&quot;sizes&quot;:[]},&quot;link_to&quot;:&quot;file&quot;,&quot;overlay_background&quot;:&quot;yes&quot;,&quot;content_hover_animation&quot;:&quot;fade-in&quot;}\" data-widget_type=\"gallery.default\">\n\t\t\t\t<div class=\"elementor-widget-container\">\n\t\t\t\t\t\t\t<div class=\"elementor-gallery__container\">\n\t\t\t\t\t\t\t<a class=\"e-gallery-item elementor-gallery-item elementor-animated-content\" href=\"https:\/\/ocean-sun.com\/wp-content\/uploads\/2023\/01\/bambu-shark.webp\" data-elementor-open-lightbox=\"yes\" data-elementor-lightbox-slideshow=\"cfca510\" data-elementor-lightbox-description=\"Le requin-bambou fait partie de la famille des requins-nourrices et peut \u00eatre observ\u00e9 au large de Nusa Penida \u00e0 Bali.\" data-e-action-hash=\"#elementor-action%3Aaction%3Dlightbox%26settings%3DeyJpZCI6NDIwMzksInVybCI6Imh0dHBzOlwvXC9vY2Vhbi1zdW4uY29tXC93cC1jb250ZW50XC91cGxvYWRzXC8yMDIzXC8wMVwvYmFtYnUtc2hhcmsud2VicCIsInNsaWRlc2hvdyI6ImNmY2E1MTAifQ%3D%3D\">\n\t\t\t\t\t<div class=\"e-gallery-image elementor-gallery-item__image\" data-thumbnail=\"https:\/\/ocean-sun.com\/wp-content\/uploads\/2023\/01\/bambu-shark-1024x1024.jpg\" data-width=\"800\" data-height=\"800\" aria-label=\"Un requin bambou rep\u00e9r\u00e9 \u00e0 Nusa Penida \u00e0 Bali\" role=\"img\" ><\/div>\n\t\t\t\t\t\t\t\t\t\t\t<div class=\"elementor-gallery-item__overlay\"><\/div>\n\t\t\t\t\t\t\t\t\t\t\t\t\t\t\t<div class=\"elementor-gallery-item__content\">\n\t\t\t\t\t\t\t\t\t\t\t\t\t\t<div class=\"elementor-gallery-item__title\">\n\t\t\t\t\t\t\t\t\t\t\t\t\t\t\t\t\t\tUn requin a \u00e9t\u00e9 d\u00e9couvert lors d'une plong\u00e9e \u00e0 Crystal Bay, \u00e0 Bali.\t\t\t\t\t\t\t\t<\/div>\n\t\t\t\t\t\t\t\t\t\t\t\t<\/div>\n\t\t\t\t\t\t\t\t\t<\/a>\n\t\t\t\t\t\t\t<a class=\"e-gallery-item elementor-gallery-item elementor-animated-content\" href=\"https:\/\/ocean-sun.com\/wp-content\/uploads\/2023\/01\/coral-block-sd.webp\" data-elementor-open-lightbox=\"yes\" data-elementor-lightbox-slideshow=\"cfca510\" data-elementor-lightbox-description=\"Les coraux de Bali sont encore tr\u00e8s bien pr\u00e9serv\u00e9s et offrent des plong\u00e9es fantastiques.\" data-e-action-hash=\"#elementor-action%3Aaction%3Dlightbox%26settings%3DeyJpZCI6NDIwNDAsInVybCI6Imh0dHBzOlwvXC9vY2Vhbi1zdW4uY29tXC93cC1jb250ZW50XC91cGxvYWRzXC8yMDIzXC8wMVwvY29yYWwtYmxvY2stc2Qud2VicCIsInNsaWRlc2hvdyI6ImNmY2E1MTAifQ%3D%3D\">\n\t\t\t\t\t<div class=\"e-gallery-image elementor-gallery-item__image\" data-thumbnail=\"https:\/\/ocean-sun.com\/wp-content\/uploads\/2023\/01\/coral-block-sd-1024x768.jpg\" data-width=\"800\" data-height=\"600\" aria-label=\"Bloc de corail photographi\u00e9 dans les eaux de Bali\" role=\"img\" ><\/div>\n\t\t\t\t\t\t\t\t\t\t\t<div class=\"elementor-gallery-item__overlay\"><\/div>\n\t\t\t\t\t\t\t\t\t\t\t\t\t\t\t<div class=\"elementor-gallery-item__content\">\n\t\t\t\t\t\t\t\t\t\t\t\t\t\t<div class=\"elementor-gallery-item__title\">\n\t\t\t\t\t\t\t\t\t\t\t\t\t\t\t\t\t\tBloc de corail sur le site de plong\u00e9e SD pr\u00e8s de Nusa Penida \u00e0 Bali\t\t\t\t\t\t\t\t<\/div>\n\t\t\t\t\t\t\t\t\t\t\t\t<\/div>\n\t\t\t\t\t\t\t\t\t<\/a>\n\t\t\t\t\t\t\t<a class=\"e-gallery-item elementor-gallery-item elementor-animated-content\" href=\"https:\/\/ocean-sun.com\/wp-content\/uploads\/2023\/01\/eagle-ray-manta-point.webp\" data-elementor-open-lightbox=\"yes\" data-elementor-lightbox-slideshow=\"cfca510\" data-elementor-lightbox-description=\"D&#039;autres esp\u00e8ces de poissons tropicaux peuvent \u00e9galement \u00eatre observ\u00e9es \u00e0 Manta Point, \u00e0 Bali.\" data-e-action-hash=\"#elementor-action%3Aaction%3Dlightbox%26settings%3DeyJpZCI6NDIwNDEsInVybCI6Imh0dHBzOlwvXC9vY2Vhbi1zdW4uY29tXC93cC1jb250ZW50XC91cGxvYWRzXC8yMDIzXC8wMVwvZWFnbGUtcmF5LW1hbnRhLXBvaW50LndlYnAiLCJzbGlkZXNob3ciOiJjZmNhNTEwIn0%3D\">\n\t\t\t\t\t<div class=\"e-gallery-image elementor-gallery-item__image\" data-thumbnail=\"https:\/\/ocean-sun.com\/wp-content\/uploads\/2023\/01\/eagle-ray-manta-point-1024x1024.jpg\" data-width=\"800\" data-height=\"800\" aria-label=\"Petite raie aigle \u00e0 Manta Point \u00e0 Nusa Penida sur Bali\" role=\"img\" ><\/div>\n\t\t\t\t\t\t\t\t\t\t\t<div class=\"elementor-gallery-item__overlay\"><\/div>\n\t\t\t\t\t\t\t\t\t\t\t\t\t\t\t<div class=\"elementor-gallery-item__content\">\n\t\t\t\t\t\t\t\t\t\t\t\t\t\t<div class=\"elementor-gallery-item__title\">\n\t\t\t\t\t\t\t\t\t\t\t\t\t\t\t\t\t\tRaie aigle \u00e0 Manta Point \u00e0 Bali\t\t\t\t\t\t\t\t<\/div>\n\t\t\t\t\t\t\t\t\t\t\t\t<\/div>\n\t\t\t\t\t\t\t\t\t<\/a>\n\t\t\t\t\t\t\t<a class=\"e-gallery-item elementor-gallery-item elementor-animated-content\" href=\"https:\/\/ocean-sun.com\/wp-content\/uploads\/2023\/01\/manta-meeting-manta-point.webp\" data-elementor-open-lightbox=\"yes\" data-elementor-lightbox-slideshow=\"cfca510\" data-elementor-lightbox-description=\"Une station de nettoyage des raies manta se trouve \u00e0 Manta Point, \u00e0 Bali, et vous pouvez observer ces gentils g\u00e9ants tout au long de l&#039;ann\u00e9e.\" data-e-action-hash=\"#elementor-action%3Aaction%3Dlightbox%26settings%3DeyJpZCI6NDIwNDIsInVybCI6Imh0dHBzOlwvXC9vY2Vhbi1zdW4uY29tXC93cC1jb250ZW50XC91cGxvYWRzXC8yMDIzXC8wMVwvbWFudGEtbWVldGluZy1tYW50YS1wb2ludC53ZWJwIiwic2xpZGVzaG93IjoiY2ZjYTUxMCJ9\">\n\t\t\t\t\t<div class=\"e-gallery-image elementor-gallery-item__image\" data-thumbnail=\"https:\/\/ocean-sun.com\/wp-content\/uploads\/2023\/01\/manta-meeting-manta-point-1024x768.jpg\" data-width=\"800\" data-height=\"600\" aria-label=\"Raies manta \u00e0 Nusa Penida \u00e0 Bali\" role=\"img\" ><\/div>\n\t\t\t\t\t\t\t\t\t\t\t<div class=\"elementor-gallery-item__overlay\"><\/div>\n\t\t\t\t\t\t\t\t\t\t\t\t\t\t\t<div class=\"elementor-gallery-item__content\">\n\t\t\t\t\t\t\t\t\t\t\t\t\t\t<div class=\"elementor-gallery-item__title\">\n\t\t\t\t\t\t\t\t\t\t\t\t\t\t\t\t\t\tRencontre avec une raie manta \u00e0 Manta Point \u00e0 Bali\t\t\t\t\t\t\t\t<\/div>\n\t\t\t\t\t\t\t\t\t\t\t\t<\/div>\n\t\t\t\t\t\t\t\t\t<\/a>\n\t\t\t\t\t\t\t<a class=\"e-gallery-item elementor-gallery-item elementor-animated-content\" href=\"https:\/\/ocean-sun.com\/wp-content\/uploads\/2023\/01\/manta-ray.webp\" data-elementor-open-lightbox=\"yes\" data-elementor-lightbox-slideshow=\"cfca510\" data-elementor-lightbox-description=\"Au Manta Point \u00e0 Bali, les raies manta s&#039;approchent souvent tr\u00e8s pr\u00e8s des plongeurs.\" data-e-action-hash=\"#elementor-action%3Aaction%3Dlightbox%26settings%3DeyJpZCI6NDIwNDMsInVybCI6Imh0dHBzOlwvXC9vY2Vhbi1zdW4uY29tXC93cC1jb250ZW50XC91cGxvYWRzXC8yMDIzXC8wMVwvbWFudGEtcmF5LndlYnAiLCJzbGlkZXNob3ciOiJjZmNhNTEwIn0%3D\">\n\t\t\t\t\t<div class=\"e-gallery-image elementor-gallery-item__image\" data-thumbnail=\"https:\/\/ocean-sun.com\/wp-content\/uploads\/2023\/01\/manta-ray-1024x768.jpg\" data-width=\"800\" data-height=\"600\" aria-label=\"La photo de raies manta en gros plan lors d&#039;une plong\u00e9e \u00e0 Bali.\" role=\"img\" ><\/div>\n\t\t\t\t\t\t\t\t\t\t\t<div class=\"elementor-gallery-item__overlay\"><\/div>\n\t\t\t\t\t\t\t\t\t\t\t\t\t\t\t<div class=\"elementor-gallery-item__content\">\n\t\t\t\t\t\t\t\t\t\t\t\t\t\t<div class=\"elementor-gallery-item__title\">\n\t\t\t\t\t\t\t\t\t\t\t\t\t\t\t\t\t\tPlong\u00e9e aux raies manta \u00e0 Bali\t\t\t\t\t\t\t\t<\/div>\n\t\t\t\t\t\t\t\t\t\t\t\t<\/div>\n\t\t\t\t\t\t\t\t\t<\/a>\n\t\t\t\t\t\t\t<a class=\"e-gallery-item elementor-gallery-item elementor-animated-content\" href=\"https:\/\/ocean-sun.com\/wp-content\/uploads\/2023\/01\/mantas-mata-point.webp\" data-elementor-open-lightbox=\"yes\" data-elementor-lightbox-slideshow=\"cfca510\" data-elementor-lightbox-description=\"Manta Point est un endroit populaire \u00e0 Nusa Penida, \u00e0 Bali, o\u00f9 la probabilit\u00e9 de voir le c\u00e9l\u00e8bre gros poisson dans son environnement naturel est extr\u00eamement \u00e9lev\u00e9e.\" data-e-action-hash=\"#elementor-action%3Aaction%3Dlightbox%26settings%3DeyJpZCI6NDIwNDQsInVybCI6Imh0dHBzOlwvXC9vY2Vhbi1zdW4uY29tXC93cC1jb250ZW50XC91cGxvYWRzXC8yMDIzXC8wMVwvbWFudGFzLW1hdGEtcG9pbnQud2VicCIsInNsaWRlc2hvdyI6ImNmY2E1MTAifQ%3D%3D\">\n\t\t\t\t\t<div class=\"e-gallery-image elementor-gallery-item__image\" data-thumbnail=\"https:\/\/ocean-sun.com\/wp-content\/uploads\/2023\/01\/mantas-mata-point-1024x768.jpg\" data-width=\"800\" data-height=\"600\" aria-label=\"Danse des raies manta Nusa Penida \u00e0 Bali\" role=\"img\" ><\/div>\n\t\t\t\t\t\t\t\t\t\t\t<div class=\"elementor-gallery-item__overlay\"><\/div>\n\t\t\t\t\t\t\t\t\t\t\t\t\t\t\t<div class=\"elementor-gallery-item__content\">\n\t\t\t\t\t\t\t\t\t\t\t\t\t\t<div class=\"elementor-gallery-item__title\">\n\t\t\t\t\t\t\t\t\t\t\t\t\t\t\t\t\t\tRaies manta en formation\t\t\t\t\t\t\t\t<\/div>\n\t\t\t\t\t\t\t\t\t\t\t\t<\/div>\n\t\t\t\t\t\t\t\t\t<\/a>\n\t\t\t\t\t\t\t<a class=\"e-gallery-item elementor-gallery-item elementor-animated-content\" href=\"https:\/\/ocean-sun.com\/wp-content\/uploads\/2023\/01\/manta-watching.webp\" data-elementor-open-lightbox=\"yes\" data-elementor-lightbox-slideshow=\"cfca510\" data-elementor-lightbox-description=\"Manta Point est un endroit tr\u00e8s populaire \u00e0 Nusa Penida sur Bali, avec une probabilit\u00e9 extr\u00eamement \u00e9lev\u00e9e de voir le c\u00e9l\u00e8bre grand poisson dans son environnement naturel.\" data-e-action-hash=\"#elementor-action%3Aaction%3Dlightbox%26settings%3DeyJpZCI6NDIwNDUsInVybCI6Imh0dHBzOlwvXC9vY2Vhbi1zdW4uY29tXC93cC1jb250ZW50XC91cGxvYWRzXC8yMDIzXC8wMVwvbWFudGEtd2F0Y2hpbmcud2VicCIsInNsaWRlc2hvdyI6ImNmY2E1MTAifQ%3D%3D\">\n\t\t\t\t\t<div class=\"e-gallery-image elementor-gallery-item__image\" data-thumbnail=\"https:\/\/ocean-sun.com\/wp-content\/uploads\/2023\/01\/manta-watching-1024x768.jpg\" data-width=\"800\" data-height=\"600\" aria-label=\"Plong\u00e9e avec les raies Mata \u00e0 Nusa Penida\" role=\"img\" ><\/div>\n\t\t\t\t\t\t\t\t\t\t\t<div class=\"elementor-gallery-item__overlay\"><\/div>\n\t\t\t\t\t\t\t\t\t\t\t\t\t\t\t<div class=\"elementor-gallery-item__content\">\n\t\t\t\t\t\t\t\t\t\t\t\t\t\t<div class=\"elementor-gallery-item__title\">\n\t\t\t\t\t\t\t\t\t\t\t\t\t\t\t\t\t\tNager avec les raies manta\t\t\t\t\t\t\t\t<\/div>\n\t\t\t\t\t\t\t\t\t\t\t\t<\/div>\n\t\t\t\t\t\t\t\t\t<\/a>\n\t\t\t\t\t\t\t<a class=\"e-gallery-item elementor-gallery-item elementor-animated-content\" href=\"https:\/\/ocean-sun.com\/wp-content\/uploads\/2023\/01\/turle-sentral.webp\" data-elementor-open-lightbox=\"yes\" data-elementor-lightbox-slideshow=\"cfca510\" data-elementor-lightbox-description=\"Tortue photographi\u00e9e \u00e0 Tulamben, Bali\" data-e-action-hash=\"#elementor-action%3Aaction%3Dlightbox%26settings%3DeyJpZCI6NDIwNDYsInVybCI6Imh0dHBzOlwvXC9vY2Vhbi1zdW4uY29tXC93cC1jb250ZW50XC91cGxvYWRzXC8yMDIzXC8wMVwvdHVybGUtc2VudHJhbC53ZWJwIiwic2xpZGVzaG93IjoiY2ZjYTUxMCJ9\">\n\t\t\t\t\t<div class=\"e-gallery-image elementor-gallery-item__image\" data-thumbnail=\"https:\/\/ocean-sun.com\/wp-content\/uploads\/2023\/01\/turle-sentral-1024x768.jpg\" data-width=\"800\" data-height=\"600\" aria-label=\"Tortue photographi\u00e9e \u00e0 Tulamben, Bali\" role=\"img\" ><\/div>\n\t\t\t\t\t\t\t\t\t\t\t<div class=\"elementor-gallery-item__overlay\"><\/div>\n\t\t\t\t\t\t\t\t\t\t\t\t\t\t\t<div class=\"elementor-gallery-item__content\">\n\t\t\t\t\t\t\t\t\t\t\t\t\t\t<div class=\"elementor-gallery-item__title\">\n\t\t\t\t\t\t\t\t\t\t\t\t\t\t\t\t\t\tTortue photographi\u00e9e \u00e0 Tulamben, Bali\n\t\t\t\t\t\t\t\t<\/div>\n\t\t\t\t\t\t\t\t\t\t\t\t<\/div>\n\t\t\t\t\t\t\t\t\t<\/a>\n\t\t\t\t\t<\/div>\n\t\t\t\t\t<\/div>\n\t\t\t\t<\/div>\n\t\t\t\t\t<\/div>\n\t\t<\/div>\n\t\t\t\t\t<\/div>\n\t\t<\/section>\n\t\t\t\t<\/div>\n\t\t","protected":false},"excerpt":{"rendered":"<p>Sites de plong\u00e9e Nusa Penida Bambus Hai entdeckt bei einem Tauchgang in der Crystal Bay auf Bali Korallenblock am tauchplatz SD bei Nusa Penida auf Bali Adlerrochen am Manta Point auf Bali Manta Rochen Begegnun beim Manta Point auf Bali Manta Rochen beim Tauchgang auf Bali Manta Rochen in Formation Schwimmen mit den Mantas Schildkr\u00f6te [&hellip;]<\/p>\n","protected":false},"author":5,"featured_media":0,"parent":42198,"menu_order":0,"comment_status":"closed","ping_status":"closed","template":"","meta":{"footnotes":""},"class_list":["post-42034","page","type-page","status-publish","hentry"],"_links":{"self":[{"href":"https:\/\/ocean-sun.com\/fr\/wp-json\/wp\/v2\/pages\/42034","targetHints":{"allow":["GET"]}}],"collection":[{"href":"https:\/\/ocean-sun.com\/fr\/wp-json\/wp\/v2\/pages"}],"about":[{"href":"https:\/\/ocean-sun.com\/fr\/wp-json\/wp\/v2\/types\/page"}],"author":[{"embeddable":true,"href":"https:\/\/ocean-sun.com\/fr\/wp-json\/wp\/v2\/users\/5"}],"replies":[{"embeddable":true,"href":"https:\/\/ocean-sun.com\/fr\/wp-json\/wp\/v2\/comments?post=42034"}],"version-history":[{"count":0,"href":"https:\/\/ocean-sun.com\/fr\/wp-json\/wp\/v2\/pages\/42034\/revisions"}],"up":[{"embeddable":true,"href":"https:\/\/ocean-sun.com\/fr\/wp-json\/wp\/v2\/pages\/42198"}],"wp:attachment":[{"href":"https:\/\/ocean-sun.com\/fr\/wp-json\/wp\/v2\/media?parent=42034"}],"curies":[{"name":"wp","href":"https:\/\/api.w.org\/{rel}","templated":true}]}}