{"id":41878,"date":"2023-02-15T21:51:43","date_gmt":"2023-02-15T13:51:43","guid":{"rendered":"https:\/\/ocean-sun.com\/legal-disclosure\/"},"modified":"2025-05-05T16:33:32","modified_gmt":"2025-05-05T08:33:32","slug":"legal-disclosure","status":"publish","type":"page","link":"https:\/\/ocean-sun.com\/fr\/legal-disclosure\/","title":{"rendered":"Information juridique"},"content":{"rendered":"\t\t<div data-elementor-type=\"wp-page\" data-elementor-id=\"41878\" class=\"elementor elementor-41878 elementor-22830\" data-elementor-post-type=\"page\">\n\t\t\t\t\t\t<section class=\"elementor-section elementor-top-section elementor-element elementor-element-6bdb7178 elementor-section-boxed elementor-section-height-default elementor-section-height-default\" data-id=\"6bdb7178\" data-element_type=\"section\" data-e-type=\"section\">\n\t\t\t\t\t\t<div class=\"elementor-container elementor-column-gap-default\">\n\t\t\t\t\t<div class=\"elementor-column elementor-col-100 elementor-top-column elementor-element elementor-element-9c486c5\" data-id=\"9c486c5\" data-element_type=\"column\" data-e-type=\"column\" data-settings=\"{&quot;background_background&quot;:&quot;classic&quot;}\">\n\t\t\t<div class=\"elementor-widget-wrap elementor-element-populated\">\n\t\t\t\t\t\t<div class=\"elementor-element elementor-element-4775021 elementor-widget elementor-widget-text-editor\" data-id=\"4775021\" data-element_type=\"widget\" data-e-type=\"widget\" data-widget_type=\"text-editor.default\">\n\t\t\t\t<div class=\"elementor-widget-container\">\n\t\t\t\t\t\t\t\t\t<h1><strong><span style=\"color: #000000;\">Information juridique<\/span><\/strong><\/h1><p><span style=\"color: #000000;\">PT. Soleil de mer  <\/span><br><span style=\"color: #000000;\">Jl. Raya Kubu Amplapura <\/span><br><span style=\"color: #000000;\">80853 Karangasem<\/span><br><span style=\"color: #000000;\">Telp : +6281337573434<\/span><br><span style=\"color: #000000;\"><a style=\"color: #000000;\" href=\"mailto:admin@shop-bali.de\">info@ocean-sun.com<\/a><\/span><\/p><p><span style=\"color: #000000;\"><strong>Registre :<\/strong><\/span><br><span style=\"color: #000000;\">Enregistr\u00e9 aupr\u00e8s du Pemerintah de la R\u00e9publique d&rsquo;Indon\u00e9sie<\/span><br><span style=\"color: #000000;\">Tribunal d&rsquo;enregistrement : Cantor Pariwisata Denpasar<\/span><br><span style=\"color: #000000;\">Num\u00e9ro d&rsquo;enregistrement : 9120400832583<\/span><\/p><p><span style=\"color: #000000;\"><strong>Repr\u00e9sent\u00e9 par :<\/strong><\/span><\/p><p><span style=\"color: #000000;\">Yeni Listiani (R\u00e9alisateur)<\/span><\/p><p><span style=\"color: #000000;\"><strong>Responsable du contenu :<\/strong><\/span><br><span style=\"color: #000000;\">Yeni Thom<\/span><br><span style=\"color: #000000;\">Jl. Raya Kubu Amplapura <\/span><br><span style=\"color: #000000;\">80853 Karangasem<\/span><\/p><p><strong>Avis de non-responsabilit\u00e9 :<\/strong><\/p><ol><li><strong>  Responsabilit\u00e9 du contenu<\/strong><\/li><\/ol><p>En tant que prestataire de services, nous ne sommes pas tenus de surveiller les informations transmises ou stock\u00e9es par des tiers, ni d&rsquo;enqu\u00eater sur des circonstances indiquant une activit\u00e9 ill\u00e9gale. Les lois g\u00e9n\u00e9rales n&rsquo;affectent pas les obligations de supprimer ou de bloquer l&rsquo;utilisation des informations. Toutefois, la responsabilit\u00e9 \u00e0 cet \u00e9gard n&rsquo;est possible qu&rsquo;\u00e0 partir du moment o\u00f9 l&rsquo;on a connaissance d&rsquo;une infraction sp\u00e9cifique \u00e0 la loi. D\u00e8s que nous avons connaissance d&rsquo;une violation de la loi, nous en supprimons imm\u00e9diatement le contenu.   <\/p><ol start=\"2\"><li><strong>  Responsabilit\u00e9 des liens<\/strong><\/li><\/ol><p>Ce site web contient des liens vers des sites web externes de tiers, qui ne peuvent \u00eatre influenc\u00e9s par le contenu de ces sites web. Par cons\u00e9quent, aucune responsabilit\u00e9 ne peut \u00eatre assum\u00e9e pour ce contenu externe. Le contenu des pages li\u00e9es est toujours attribu\u00e9 au fournisseur ou \u00e0 l&rsquo;op\u00e9rateur respectif. Au moment de la cr\u00e9ation des liens, les pages li\u00e9es ont \u00e9t\u00e9 contr\u00f4l\u00e9es afin de d\u00e9tecter d&rsquo;\u00e9ventuelles violations de la loi. Au moment de la cr\u00e9ation des liens, aucun contenu ill\u00e9gal n&rsquo;a pu \u00eatre identifi\u00e9. Toutefois, il n&rsquo;est pas raisonnable d&rsquo;exercer un contr\u00f4le permanent sur le contenu des pages li\u00e9es en l&rsquo;absence de preuves concr\u00e8tes d&rsquo;une infraction. D\u00e8s que nous aurons connaissance d&rsquo;une infraction \u00e0 la loi, les liens en question seront imm\u00e9diatement supprim\u00e9s de ce site web.      <\/p><ol start=\"3\"><li><strong>  Droit d&rsquo;auteur<\/strong><\/li><\/ol><p>Ces pages sont soumises \u00e0 la l\u00e9gislation internationale sur les droits d&rsquo;auteur, y compris les contenus et les \u0153uvres cr\u00e9\u00e9s par les prestataires de services, leurs employ\u00e9s et les tiers mandat\u00e9s. La reproduction, le traitement, la diffusion et toute forme d&rsquo;exploitation en dehors des limites du droit d&rsquo;auteur requi\u00e8rent l&rsquo;accord \u00e9crit pr\u00e9alable de l&rsquo;auteur ou du cr\u00e9ateur concern\u00e9. Les t\u00e9l\u00e9chargements et les copies de ce site ne sont autoris\u00e9s que pour un usage priv\u00e9 et non commercial. Dans la mesure o\u00f9 le contenu de ce site n&rsquo;a pas \u00e9t\u00e9 cr\u00e9\u00e9 par l&rsquo;op\u00e9rateur, les droits d&rsquo;auteur de tiers sont respect\u00e9s. Les contenus de tiers sont notamment signal\u00e9s comme tels. Si vous deviez n\u00e9anmoins avoir connaissance d&rsquo;une violation des droits d&rsquo;auteur, nous vous prions de nous en informer. D\u00e8s que nous aurons connaissance d&rsquo;une violation de la loi, ces contenus seront imm\u00e9diatement supprim\u00e9s.      <\/p>\t\t\t\t\t\t\t\t<\/div>\n\t\t\t\t<\/div>\n\t\t\t\t\t<\/div>\n\t\t<\/div>\n\t\t\t\t\t<\/div>\n\t\t<\/section>\n\t\t\t\t<\/div>\n\t\t","protected":false},"excerpt":{"rendered":"<p>Information juridique PT. Soleil de mer Jl. Raya Kubu Amplapura 80853 KarangasemTelp : +6281337573434info@ocean-sun.com Registre :Enregistr\u00e9 aupr\u00e8s du Pemerintah de la R\u00e9publique d&rsquo;Indon\u00e9sieTribunal d&rsquo;enregistrement : Cantor Pariwisata DenpasarNum\u00e9ro d&rsquo;enregistrement : 9120400832583 Repr\u00e9sent\u00e9 par : Yeni Listiani (R\u00e9alisateur) Responsable du contenu :Yeni ThomJl. Raya Kubu Amplapura 80853 Karangasem Avis de non-responsabilit\u00e9 : Responsabilit\u00e9 du contenu En [&hellip;]<\/p>\n","protected":false},"author":2,"featured_media":0,"parent":0,"menu_order":0,"comment_status":"closed","ping_status":"closed","template":"","meta":{"footnotes":""},"class_list":["post-41878","page","type-page","status-publish","hentry"],"_links":{"self":[{"href":"https:\/\/ocean-sun.com\/fr\/wp-json\/wp\/v2\/pages\/41878","targetHints":{"allow":["GET"]}}],"collection":[{"href":"https:\/\/ocean-sun.com\/fr\/wp-json\/wp\/v2\/pages"}],"about":[{"href":"https:\/\/ocean-sun.com\/fr\/wp-json\/wp\/v2\/types\/page"}],"author":[{"embeddable":true,"href":"https:\/\/ocean-sun.com\/fr\/wp-json\/wp\/v2\/users\/2"}],"replies":[{"embeddable":true,"href":"https:\/\/ocean-sun.com\/fr\/wp-json\/wp\/v2\/comments?post=41878"}],"version-history":[{"count":0,"href":"https:\/\/ocean-sun.com\/fr\/wp-json\/wp\/v2\/pages\/41878\/revisions"}],"wp:attachment":[{"href":"https:\/\/ocean-sun.com\/fr\/wp-json\/wp\/v2\/media?parent=41878"}],"curies":[{"name":"wp","href":"https:\/\/api.w.org\/{rel}","templated":true}]}}