{"id":13068,"date":"2022-12-10T07:39:37","date_gmt":"2022-12-09T23:39:37","guid":{"rendered":"https:\/\/final.ocean-sun.com\/buchungsseiten-en\/my-booking-en\/"},"modified":"2024-03-20T17:46:51","modified_gmt":"2024-03-20T09:46:51","slug":"book-a-bungalow","status":"publish","type":"page","link":"https:\/\/ocean-sun.com\/en\/booking\/book-a-bungalow\/","title":{"rendered":"Book a Bungalow"},"content":{"rendered":"<h2>Book a Bungalow<\/h2>\n<p>\t\t\t<iframe src=\"https:\/\/beds24.com\/booking2.php?ownerid=4363&amp;numadult=2&amp;hideheader=yes&amp;advancedays=-1&amp;referer=iframe+landing&amp;lang=en\" width=\"1200\" height=\"820\" style=\"max-width:100%;border:none;overflow:hidden;\"><\/p>\n<p><a href=\"https:\/\/beds24.com\/booking2.php?ownerid=4363&amp;referer=iframe+landing\" title=\"Book Now\" target=\"_blank\" rel=\"noopener\">Book Now<\/a><\/p>\n<p><\/iframe><br \/>\n\t\t\t\t\t\t\t\t\t\t\t\t\t\t\t<svg xmlns=\"http:\/\/www.w3.org\/2000\/svg\" xmlns:xlink=\"http:\/\/www.w3.org\/1999\/xlink\" id=\"Capa_1\" x=\"0px\" y=\"0px\" viewBox=\"0 0 23.625 23.625\" style=\"enable-background:new 0 0 23.625 23.625;\" xml:space=\"preserve\"><g>\t<path style=\"fill:#030104;\" d=\"M11.812,0C5.289,0,0,5.289,0,11.812s5.289,11.813,11.812,11.813s11.813-5.29,11.813-11.813  S18.335,0,11.812,0z M14.271,18.307c-0.608,0.24-1.092,0.422-1.455,0.548c-0.362,0.126-0.783,0.189-1.262,0.189  c-0.736,0-1.309-0.18-1.717-0.539s-0.611-0.814-0.611-1.367c0-0.215,0.015-0.435,0.045-0.659c0.031-0.224,0.08-0.476,0.147-0.759  l0.761-2.688c0.067-0.258,0.125-0.503,0.171-0.731c0.046-0.23,0.068-0.441,0.068-0.633c0-0.342-0.071-0.582-0.212-0.717  c-0.143-0.135-0.412-0.201-0.813-0.201c-0.196,0-0.398,0.029-0.605,0.09c-0.205,0.063-0.383,0.12-0.529,0.176l0.201-0.828  c0.498-0.203,0.975-0.377,1.43-0.521c0.455-0.146,0.885-0.218,1.29-0.218c0.731,0,1.295,0.178,1.692,0.53  c0.395,0.353,0.594,0.812,0.594,1.376c0,0.117-0.014,0.323-0.041,0.617c-0.027,0.295-0.078,0.564-0.152,0.811l-0.757,2.68  c-0.062,0.215-0.117,0.461-0.167,0.736c-0.049,0.275-0.073,0.485-0.073,0.626c0,0.356,0.079,0.599,0.239,0.728  c0.158,0.129,0.435,0.194,0.827,0.194c0.185,0,0.392-0.033,0.626-0.097c0.232-0.064,0.4-0.121,0.506-0.17L14.271,18.307z   M14.137,7.429c-0.353,0.328-0.778,0.492-1.275,0.492c-0.496,0-0.924-0.164-1.28-0.492c-0.354-0.328-0.533-0.727-0.533-1.193  c0-0.465,0.18-0.865,0.533-1.196c0.356-0.332,0.784-0.497,1.28-0.497c0.497,0,0.923,0.165,1.275,0.497  c0.353,0.331,0.53,0.731,0.53,1.196C14.667,6.703,14.49,7.101,14.137,7.429z\"><\/path><\/g><g><\/g><g><\/g><g><\/g><g><\/g><g><\/g><g><\/g><g><\/g><g><\/g><g><\/g><g><\/g><g><\/g><g><\/g><g><\/g><g><\/g><g><\/g><\/svg><br \/>\n\t\t\t\t\t\t\t\t<svg xmlns=\"http:\/\/www.w3.org\/2000\/svg\" xmlns:xlink=\"http:\/\/www.w3.org\/1999\/xlink\" id=\"Capa_1\" x=\"0px\" y=\"0px\" viewBox=\"0 0 512 512\" style=\"enable-background:new 0 0 512 512;\" xml:space=\"preserve\"><g>\t<g>\t\t<g>\t\t\t<path d=\"M290.211,360.727c-5.234,0.488-10.489-0.693-15.011-3.375c-3.304-3.392-4.888-8.101-4.305-12.8    c0.122-3.912,0.589-7.806,1.396-11.636c0.781-4.394,1.79-8.744,3.025-13.033l13.731-47.244c1.416-4.663,2.352-9.459,2.793-14.313    c0-5.236,0.698-8.844,0.698-10.938c0.292-9.333-3.693-18.289-10.822-24.32c-8.769-6.732-19.689-10.041-30.72-9.309    c-7.905,0.119-15.749,1.413-23.273,3.84c-8.223,2.56-16.873,5.624-25.949,9.193l-3.956,15.36    c2.676-0.931,5.935-1.978,9.658-3.142c3.552-1.052,7.234-1.601,10.938-1.629c5.196-0.563,10.426,0.713,14.778,3.607    c2.956,3.527,4.343,8.109,3.84,12.684c-0.013,3.913-0.442,7.814-1.28,11.636c-0.815,4.073-1.862,8.378-3.142,12.916    l-13.847,47.476c-1.116,4.413-2.009,8.879-2.676,13.382c-0.544,3.855-0.816,7.743-0.815,11.636    c-0.057,9.397,4.24,18.291,11.636,24.087c8.904,6.837,19.98,10.226,31.185,9.542c7.89,0.162,15.753-0.978,23.273-3.375    c6.594-2.25,15.399-5.469,26.415-9.658l3.724-14.662c-2.984,1.238-6.057,2.249-9.193,3.025    C298.346,360.583,294.274,360.935,290.211,360.727z\"><\/path>\t\t\t<path d=\"M304.756,136.727c-6.333-5.816-14.677-8.945-23.273-8.727c-8.591-0.194-16.927,2.932-23.273,8.727    c-11.632,10.03-12.931,27.591-2.9,39.224c0.894,1.037,1.863,2.006,2.9,2.9c13.252,11.853,33.294,11.853,46.545,0    c11.632-10.129,12.851-27.769,2.722-39.401C306.635,138.481,305.725,137.571,304.756,136.727z\"><\/path>\t\t\t<path d=\"M256,0C114.615,0,0,114.615,0,256s114.615,256,256,256s256-114.615,256-256S397.385,0,256,0z M256,488.727    C127.468,488.727,23.273,384.532,23.273,256S127.468,23.273,256,23.273S488.727,127.468,488.727,256S384.532,488.727,256,488.727    z\"><\/path>\t\t<\/g>\t<\/g><\/g><g><\/g><g><\/g><g><\/g><g><\/g><g><\/g><g><\/g><g><\/g><g><\/g><g><\/g><g><\/g><g><\/g><g><\/g><g><\/g><g><\/g><g><\/g><\/svg><br \/>\n\t\t\t\t\t\t\t\t\t\t\t\t<a tabindex=\"0\">How it works!<\/a><\/p>\n<p>Here you can book your accomodation easy and direct, also combined with a dive package or a course bundle!<\/p>\n<p>Here&#8221;s how it works:<\/p>\n<p>1. Put in your preferred travel dates and press the &#8216;confirm travel dates&#8217; button<\/p>\n<p>2. Next click on the &#8216;availability&#8217; button of the resort of your choice<\/p>\n<p>3. Now you have two options:<br \/>Book Bungalow Only | Book Bungalow with Dive Package and\/or Dive Course<\/p>\n<p>click on the &#8216;book now&#8217; button of the option your choice.<\/p>\n<p>If you choose &#8216;bungalow only&#8217; you&#8217;ll be straight forwarded to the booking mask where you can choose addtional services like airport transfer, extra bed and many more.<\/p>\n<p>If you choose a diving package or a course bundle you&#8217;ll find the specific offers within the booking mask.<br \/>Please select the desitred number of students and kindly note the minimum course duration when booking a bungalow.<\/p>\n<p>It&#8217;s much more easy then you think, just try it!<\/p>\n<p>Hinweis: Ihr k\u00f6nnt Eure Reisedaten auch jederzeit w\u00e4hrend des Buchungsprozesses \u00e4ndern, indem Ihr im Kalender einfach auf ein anderes Datum klickt! Hint: You can change your travel dates at anytime during the booking process by just clicking on the date of your choice in the calendar!<\/p>\n","protected":false},"excerpt":{"rendered":"<p>Book a Bungalow Book Now How it works! Here you can book your accomodation easy and direct, also combined with a dive package or a course bundle! Here&#8221;s how it works: 1. Put in your preferred travel dates and press the &#8216;confirm travel dates&#8217; button 2. Next click on the &#8216;availability&#8217; button of the resort [&hellip;]<\/p>\n","protected":false},"author":1,"featured_media":0,"parent":12788,"menu_order":0,"comment_status":"closed","ping_status":"closed","template":"","meta":{"footnotes":""},"class_list":["post-13068","page","type-page","status-publish","hentry"],"_links":{"self":[{"href":"https:\/\/ocean-sun.com\/en\/wp-json\/wp\/v2\/pages\/13068","targetHints":{"allow":["GET"]}}],"collection":[{"href":"https:\/\/ocean-sun.com\/en\/wp-json\/wp\/v2\/pages"}],"about":[{"href":"https:\/\/ocean-sun.com\/en\/wp-json\/wp\/v2\/types\/page"}],"author":[{"embeddable":true,"href":"https:\/\/ocean-sun.com\/en\/wp-json\/wp\/v2\/users\/1"}],"replies":[{"embeddable":true,"href":"https:\/\/ocean-sun.com\/en\/wp-json\/wp\/v2\/comments?post=13068"}],"version-history":[{"count":0,"href":"https:\/\/ocean-sun.com\/en\/wp-json\/wp\/v2\/pages\/13068\/revisions"}],"up":[{"embeddable":true,"href":"https:\/\/ocean-sun.com\/en\/wp-json\/wp\/v2\/pages\/12788"}],"wp:attachment":[{"href":"https:\/\/ocean-sun.com\/en\/wp-json\/wp\/v2\/media?parent=13068"}],"curies":[{"name":"wp","href":"https:\/\/api.w.org\/{rel}","templated":true}]}}